{"id":15973,"date":"2025-03-25T11:53:02","date_gmt":"2025-03-25T11:53:02","guid":{"rendered":"https:\/\/www.invesdor.de\/blog\/sanasto-sijoittaminen-ja-yritysrahoitus\/"},"modified":"2025-03-25T11:53:02","modified_gmt":"2025-03-25T11:53:02","slug":"sanasto-sijoittaminen-ja-yritysrahoitus","status":"publish","type":"page","link":"https:\/\/www.invesdor.fi\/blog\/sanasto-sijoittaminen-ja-yritysrahoitus\/","title":{"rendered":"Sanasto: Sijoittaminen ja Yritysrahoitus"},"content":{"rendered":"<p><strong>Joukkorahoituksen<\/strong>, <strong>yritysrahoituksen<\/strong> ja <strong>sijoittamisen<\/strong> aihealueita k\u00e4sittelev\u00e4st\u00e4 wikist\u00e4mme l\u00f6yd\u00e4t selitykset kaikille t\u00e4rkeille sanaston k\u00e4sitteille.<\/p>\n<h2>Sanastoindeksi<\/h2>\n<p>Napsauta kirjaimia n\u00e4hd\u00e4ksesi vain ne m\u00e4\u00e4ritelm\u00e4t, jotka alkavat kyseisell\u00e4 kirjaimella: <div class=\"cm-glossary\"><div class=\"glossary-container \"><input type=\"hidden\" class=\"cmtt-attribute-field\" name=\"glossary_index_style\" value=\"classic\">        <div class=\"progress-indicator\" style=\"display:none\">\r\n                            <img decoding=\"async\" src=\"https:\/\/www.invesdor.fi\/blog\/wp-content\/plugins\/TooltipProEcommerce\/assets\/css\/images\/ajax-loader.gif\" alt=\"AJAX progress indicator\"\/>\r\n                    <\/div>\r\n\t\t<div class=\"glossary_top_filter\">\r\n\t\t\t<div class=\"left\">\r\n\t\t\t\t\t\t\t\t\t\t<div class=\"cmtt_help glossary-search-helpitem\"\r\n\t\t\t\t\t\t     data-cmtooltip=\"The search returns the partial search for the given query from both the term title and description. So it will return the results even if the given query is part of the word in the description.\"><\/div>\r\n\t\t\t\t\t\t\t\t\t\t<div class=\"glossary-search-wrapper\">\r\n                        <span class=\"glossary-search-label\">Search:<\/span>\r\n\t\t\t\t\t\t                            <input value=\"\"\r\n                                   placeholder=\"\"\r\n                                   class=\"glossary-search-term \"\r\n                                   name=\"glossary-search-term\"\r\n                                   id=\"glossary-search-term\"\r\n                                   aria-label=\"Search\"\/>\r\n                            <button type=\"submit\" id=\"glossary-search\"\r\n                                    class=\"glossary-search button\">Search<\/button>\r\n\r\n                            <a class=\"glossary-search-clear\"\r\n                               title=\"Clear the input\"\r\n                               href=\"\">\r\n                                (clear)                            <\/a>\r\n                    <\/div>\r\n\t\t\t\t\t\t\t\t<\/div>\r\n\t\t\t\t\t<\/div>\r\n        \r\n\t\t<input type=\"hidden\" class=\"cmtt-attribute-field\" name=\"disable_listnav\"\r\n\t\t       value=\"0\"\/>\r\n\t\t<input type=\"hidden\" class=\"cmtt-attribute-field\" name=\"exact_search\"\r\n\t\t       value=\"0\"\/>\r\n\t\t<input type=\"hidden\" class=\"cmtt-attribute-field\" name=\"show_search\"\r\n\t\t       value=\"1\"\/>\r\n\t\t<input type=\"hidden\" class=\"glossary-hide-terms\" name=\"glossary-hide-terms\"\r\n\t\t       value=\"0\"\/>\r\n\t\t<input type=\"hidden\" class=\"glossary-hide-categories\" name=\"glossary-hide-categories\"\r\n\t\t       value=\"0\"\/>\r\n\t\t<input type=\"hidden\" class=\"glossary-hide-abbrevs\" name=\"glossary-hide-abbrevs\"\r\n\t\t       value=\"0\"\/>\r\n\t\t<input type=\"hidden\" class=\"glossary-hide-synonyms\" name=\"glossary-hide-synonyms\"\r\n\t\t       value=\"0\"\/>\r\n\t\t<input type=\"hidden\" class=\"glossary-perpage\" name=\"glossary-perpage\"\r\n\t\t       value=\"0\"\/>\r\n\t\t<input type=\"hidden\" name=\"tooltip_language\"\r\n\t\t       value=\"\"\/>\r\n\t\t<input type=\"hidden\" name=\"language_dropdown\"\r\n\t\t       value=\"\"\/>\r\n\t\t<input type=\"hidden\" name=\"languages_for_table\"\r\n\t\t       value=\"\"\/>\r\n\t\t<div id=\"glossaryList-nav\" class=\"listNav small\" role=\"tablist\"><\/div><span class=\"error\"><\/span><\/div><\/div><\/p>\n","protected":false},"excerpt":{"rendered":"<p>Joukkorahoituksen, yritysrahoituksen ja sijoittamisen aihealueita k\u00e4sittelev\u00e4st\u00e4 wikist\u00e4mme l\u00f6yd\u00e4t selitykset kaikille t\u00e4rkeille sanaston k\u00e4sitteille. Sanastoindeksi Napsauta kirjaimia n\u00e4hd\u00e4ksesi vain ne m\u00e4\u00e4ritelm\u00e4t, jotka alkavat kyseisell\u00e4 kirjaimella:<\/p>\n","protected":false},"author":41,"featured_media":0,"parent":0,"menu_order":0,"comment_status":"closed","ping_status":"closed","template":"","meta":{"footnotes":""},"class_list":["post-15973","page","type-page","status-publish","hentry"],"aioseo_notices":[],"_links":{"self":[{"href":"https:\/\/www.invesdor.fi\/blog\/wp-json\/wp\/v2\/pages\/15973","targetHints":{"allow":["GET"]}}],"collection":[{"href":"https:\/\/www.invesdor.fi\/blog\/wp-json\/wp\/v2\/pages"}],"about":[{"href":"https:\/\/www.invesdor.fi\/blog\/wp-json\/wp\/v2\/types\/page"}],"author":[{"embeddable":true,"href":"https:\/\/www.invesdor.fi\/blog\/wp-json\/wp\/v2\/users\/41"}],"replies":[{"embeddable":true,"href":"https:\/\/www.invesdor.fi\/blog\/wp-json\/wp\/v2\/comments?post=15973"}],"version-history":[{"count":0,"href":"https:\/\/www.invesdor.fi\/blog\/wp-json\/wp\/v2\/pages\/15973\/revisions"}],"wp:attachment":[{"href":"https:\/\/www.invesdor.fi\/blog\/wp-json\/wp\/v2\/media?parent=15973"}],"curies":[{"name":"wp","href":"https:\/\/api.w.org\/{rel}","templated":true}]}}